{"id":36,"date":"2018-05-29T15:51:05","date_gmt":"2018-05-29T13:51:05","guid":{"rendered":"https:\/\/www.innsbruck-billard.at\/?page_id=36"},"modified":"2018-09-25T07:59:11","modified_gmt":"2018-09-25T05:59:11","slug":"ueber-uns","status":"publish","type":"page","link":"https:\/\/www.innsbruck-billard.at\/?page_id=36","title":{"rendered":"Impressionen"},"content":{"rendered":"\t\t<div data-elementor-type=\"wp-post\" data-elementor-id=\"36\" class=\"elementor elementor-36 elementor-bc-flex-widget\">\n\t\t\t\t\t\t<section class=\"elementor-section elementor-top-section elementor-element elementor-element-42d26a25 elementor-section-boxed elementor-section-height-default elementor-section-height-default\" data-id=\"42d26a25\" data-element_type=\"section\" data-e-type=\"section\">\n\t\t\t\t\t\t<div class=\"elementor-container elementor-column-gap-default\">\n\t\t\t\t\t<div class=\"elementor-column elementor-col-100 elementor-top-column elementor-element elementor-element-38aaca2a\" data-id=\"38aaca2a\" data-element_type=\"column\" data-e-type=\"column\">\n\t\t\t<div class=\"elementor-widget-wrap elementor-element-populated\">\n\t\t\t\t\t\t<div class=\"elementor-element elementor-element-88d127d elementor-arrows-position-inside elementor-pagination-position-outside elementor-widget elementor-widget-image-carousel\" data-id=\"88d127d\" data-element_type=\"widget\" data-e-type=\"widget\" data-settings=\"{&quot;navigation&quot;:&quot;both&quot;,&quot;autoplay&quot;:&quot;yes&quot;,&quot;pause_on_hover&quot;:&quot;yes&quot;,&quot;pause_on_interaction&quot;:&quot;yes&quot;,&quot;autoplay_speed&quot;:5000,&quot;infinite&quot;:&quot;yes&quot;,&quot;speed&quot;:500}\" data-widget_type=\"image-carousel.default\">\n\t\t\t\t<div class=\"elementor-widget-container\">\n\t\t\t\t\t\t\t<div class=\"elementor-image-carousel-wrapper swiper\" role=\"region\" aria-roledescription=\"carousel\" aria-label=\"Bild Karussell\" dir=\"ltr\">\n\t\t\t<div class=\"elementor-image-carousel swiper-wrapper\" aria-live=\"off\">\n\t\t\t\t\t\t\t\t<div class=\"swiper-slide\" role=\"group\" aria-roledescription=\"slide\" aria-label=\"1 von 13\"><a data-elementor-open-lightbox=\"yes\" data-elementor-lightbox-slideshow=\"88d127d\" data-elementor-lightbox-title=\"IMG_0984\" data-e-action-hash=\"#elementor-action%3Aaction%3Dlightbox%26settings%3DeyJpZCI6OTYsInVybCI6Imh0dHBzOlwvXC93d3cuaW5uc2JydWNrLWJpbGxhcmQuYXRcL3dwLWNvbnRlbnRcL3VwbG9hZHNcLzIwMThcLzA5XC9JTUdfMDk4NC5qcGciLCJzbGlkZXNob3ciOiI4OGQxMjdkIn0%3D\" href=\"https:\/\/www.innsbruck-billard.at\/wp-content\/uploads\/2018\/09\/IMG_0984.jpg\"><figure class=\"swiper-slide-inner\"><img decoding=\"async\" class=\"swiper-slide-image\" src=\"https:\/\/www.innsbruck-billard.at\/wp-content\/uploads\/2018\/09\/IMG_0984-150x150.jpg\" alt=\"IMG_0984\" \/><\/figure><\/a><\/div><div class=\"swiper-slide\" role=\"group\" aria-roledescription=\"slide\" aria-label=\"2 von 13\"><a data-elementor-open-lightbox=\"yes\" data-elementor-lightbox-slideshow=\"88d127d\" data-elementor-lightbox-title=\"Dart_2\" data-e-action-hash=\"#elementor-action%3Aaction%3Dlightbox%26settings%3DeyJpZCI6MTUsInVybCI6Imh0dHBzOlwvXC93d3cuaW5uc2JydWNrLWJpbGxhcmQuYXRcL3dwLWNvbnRlbnRcL3VwbG9hZHNcLzIwMThcLzA1XC9EYXJ0XzIuanBnIiwic2xpZGVzaG93IjoiODhkMTI3ZCJ9\" href=\"https:\/\/www.innsbruck-billard.at\/wp-content\/uploads\/2018\/05\/Dart_2.jpg\"><figure class=\"swiper-slide-inner\"><img decoding=\"async\" class=\"swiper-slide-image\" src=\"https:\/\/www.innsbruck-billard.at\/wp-content\/uploads\/2018\/05\/Dart_2-150x150.jpg\" alt=\"Dart_2\" \/><\/figure><\/a><\/div><div class=\"swiper-slide\" role=\"group\" aria-roledescription=\"slide\" aria-label=\"3 von 13\"><a data-elementor-open-lightbox=\"yes\" data-elementor-lightbox-slideshow=\"88d127d\" data-elementor-lightbox-title=\"IMG_0980\" data-e-action-hash=\"#elementor-action%3Aaction%3Dlightbox%26settings%3DeyJpZCI6OTUsInVybCI6Imh0dHBzOlwvXC93d3cuaW5uc2JydWNrLWJpbGxhcmQuYXRcL3dwLWNvbnRlbnRcL3VwbG9hZHNcLzIwMThcLzA5XC9JTUdfMDk4MC5qcGciLCJzbGlkZXNob3ciOiI4OGQxMjdkIn0%3D\" href=\"https:\/\/www.innsbruck-billard.at\/wp-content\/uploads\/2018\/09\/IMG_0980.jpg\"><figure class=\"swiper-slide-inner\"><img decoding=\"async\" class=\"swiper-slide-image\" src=\"https:\/\/www.innsbruck-billard.at\/wp-content\/uploads\/2018\/09\/IMG_0980-150x150.jpg\" alt=\"IMG_0980\" \/><\/figure><\/a><\/div><div class=\"swiper-slide\" role=\"group\" aria-roledescription=\"slide\" aria-label=\"4 von 13\"><a data-elementor-open-lightbox=\"yes\" data-elementor-lightbox-slideshow=\"88d127d\" data-elementor-lightbox-title=\"IMG_0978\" data-e-action-hash=\"#elementor-action%3Aaction%3Dlightbox%26settings%3DeyJpZCI6OTQsInVybCI6Imh0dHBzOlwvXC93d3cuaW5uc2JydWNrLWJpbGxhcmQuYXRcL3dwLWNvbnRlbnRcL3VwbG9hZHNcLzIwMThcLzA5XC9JTUdfMDk3OC5qcGciLCJzbGlkZXNob3ciOiI4OGQxMjdkIn0%3D\" href=\"https:\/\/www.innsbruck-billard.at\/wp-content\/uploads\/2018\/09\/IMG_0978.jpg\"><figure class=\"swiper-slide-inner\"><img decoding=\"async\" class=\"swiper-slide-image\" src=\"https:\/\/www.innsbruck-billard.at\/wp-content\/uploads\/2018\/09\/IMG_0978-150x150.jpg\" alt=\"IMG_0978\" \/><\/figure><\/a><\/div><div class=\"swiper-slide\" role=\"group\" aria-roledescription=\"slide\" aria-label=\"5 von 13\"><a data-elementor-open-lightbox=\"yes\" data-elementor-lightbox-slideshow=\"88d127d\" data-elementor-lightbox-title=\"IMG_0976\" data-e-action-hash=\"#elementor-action%3Aaction%3Dlightbox%26settings%3DeyJpZCI6OTMsInVybCI6Imh0dHBzOlwvXC93d3cuaW5uc2JydWNrLWJpbGxhcmQuYXRcL3dwLWNvbnRlbnRcL3VwbG9hZHNcLzIwMThcLzA5XC9JTUdfMDk3Ni5qcGciLCJzbGlkZXNob3ciOiI4OGQxMjdkIn0%3D\" href=\"https:\/\/www.innsbruck-billard.at\/wp-content\/uploads\/2018\/09\/IMG_0976.jpg\"><figure class=\"swiper-slide-inner\"><img decoding=\"async\" class=\"swiper-slide-image\" src=\"https:\/\/www.innsbruck-billard.at\/wp-content\/uploads\/2018\/09\/IMG_0976-150x150.jpg\" alt=\"IMG_0976\" \/><\/figure><\/a><\/div><div class=\"swiper-slide\" role=\"group\" aria-roledescription=\"slide\" aria-label=\"6 von 13\"><a data-elementor-open-lightbox=\"yes\" data-elementor-lightbox-slideshow=\"88d127d\" data-elementor-lightbox-title=\"IMG_0974\" data-e-action-hash=\"#elementor-action%3Aaction%3Dlightbox%26settings%3DeyJpZCI6OTIsInVybCI6Imh0dHBzOlwvXC93d3cuaW5uc2JydWNrLWJpbGxhcmQuYXRcL3dwLWNvbnRlbnRcL3VwbG9hZHNcLzIwMThcLzA5XC9JTUdfMDk3NC5qcGciLCJzbGlkZXNob3ciOiI4OGQxMjdkIn0%3D\" href=\"https:\/\/www.innsbruck-billard.at\/wp-content\/uploads\/2018\/09\/IMG_0974.jpg\"><figure class=\"swiper-slide-inner\"><img decoding=\"async\" class=\"swiper-slide-image\" src=\"https:\/\/www.innsbruck-billard.at\/wp-content\/uploads\/2018\/09\/IMG_0974-150x150.jpg\" alt=\"IMG_0974\" \/><\/figure><\/a><\/div><div class=\"swiper-slide\" role=\"group\" aria-roledescription=\"slide\" aria-label=\"7 von 13\"><a data-elementor-open-lightbox=\"yes\" data-elementor-lightbox-slideshow=\"88d127d\" data-elementor-lightbox-title=\"ueber_uns\" data-e-action-hash=\"#elementor-action%3Aaction%3Dlightbox%26settings%3DeyJpZCI6NjMsInVybCI6Imh0dHBzOlwvXC93d3cuaW5uc2JydWNrLWJpbGxhcmQuYXRcL3dwLWNvbnRlbnRcL3VwbG9hZHNcLzIwMThcLzA1XC91ZWJlcl91bnMuanBnIiwic2xpZGVzaG93IjoiODhkMTI3ZCJ9\" href=\"https:\/\/www.innsbruck-billard.at\/wp-content\/uploads\/2018\/05\/ueber_uns.jpg\"><figure class=\"swiper-slide-inner\"><img decoding=\"async\" class=\"swiper-slide-image\" src=\"https:\/\/www.innsbruck-billard.at\/wp-content\/uploads\/2018\/05\/ueber_uns-150x150.jpg\" alt=\"ueber_uns\" \/><\/figure><\/a><\/div><div class=\"swiper-slide\" role=\"group\" aria-roledescription=\"slide\" aria-label=\"8 von 13\"><a data-elementor-open-lightbox=\"yes\" data-elementor-lightbox-slideshow=\"88d127d\" data-elementor-lightbox-title=\"title\" data-e-action-hash=\"#elementor-action%3Aaction%3Dlightbox%26settings%3DeyJpZCI6MjQsInVybCI6Imh0dHBzOlwvXC93d3cuaW5uc2JydWNrLWJpbGxhcmQuYXRcL3dwLWNvbnRlbnRcL3VwbG9hZHNcLzIwMThcLzA1XC90aXRsZS5qcGciLCJzbGlkZXNob3ciOiI4OGQxMjdkIn0%3D\" href=\"https:\/\/www.innsbruck-billard.at\/wp-content\/uploads\/2018\/05\/title.jpg\"><figure class=\"swiper-slide-inner\"><img decoding=\"async\" class=\"swiper-slide-image\" src=\"https:\/\/www.innsbruck-billard.at\/wp-content\/uploads\/2018\/05\/title-150x150.jpg\" alt=\"title\" \/><\/figure><\/a><\/div><div class=\"swiper-slide\" role=\"group\" aria-roledescription=\"slide\" aria-label=\"9 von 13\"><a data-elementor-open-lightbox=\"yes\" data-elementor-lightbox-slideshow=\"88d127d\" data-elementor-lightbox-title=\"Bilalrd_2\" data-e-action-hash=\"#elementor-action%3Aaction%3Dlightbox%26settings%3DeyJpZCI6MjEsInVybCI6Imh0dHBzOlwvXC93d3cuaW5uc2JydWNrLWJpbGxhcmQuYXRcL3dwLWNvbnRlbnRcL3VwbG9hZHNcLzIwMThcLzA1XC9CaWxhbHJkXzIuanBnIiwic2xpZGVzaG93IjoiODhkMTI3ZCJ9\" href=\"https:\/\/www.innsbruck-billard.at\/wp-content\/uploads\/2018\/05\/Bilalrd_2.jpg\"><figure class=\"swiper-slide-inner\"><img decoding=\"async\" class=\"swiper-slide-image\" src=\"https:\/\/www.innsbruck-billard.at\/wp-content\/uploads\/2018\/05\/Bilalrd_2-150x150.jpg\" alt=\"Bilalrd_2\" \/><\/figure><\/a><\/div><div class=\"swiper-slide\" role=\"group\" aria-roledescription=\"slide\" aria-label=\"10 von 13\"><a data-elementor-open-lightbox=\"yes\" data-elementor-lightbox-slideshow=\"88d127d\" data-elementor-lightbox-title=\"Bar_2\" data-e-action-hash=\"#elementor-action%3Aaction%3Dlightbox%26settings%3DeyJpZCI6MTcsInVybCI6Imh0dHBzOlwvXC93d3cuaW5uc2JydWNrLWJpbGxhcmQuYXRcL3dwLWNvbnRlbnRcL3VwbG9hZHNcLzIwMThcLzA1XC9CYXJfMi5qcGciLCJzbGlkZXNob3ciOiI4OGQxMjdkIn0%3D\" href=\"https:\/\/www.innsbruck-billard.at\/wp-content\/uploads\/2018\/05\/Bar_2.jpg\"><figure class=\"swiper-slide-inner\"><img decoding=\"async\" class=\"swiper-slide-image\" src=\"https:\/\/www.innsbruck-billard.at\/wp-content\/uploads\/2018\/05\/Bar_2-150x150.jpg\" alt=\"Bar_2\" \/><\/figure><\/a><\/div><div class=\"swiper-slide\" role=\"group\" aria-roledescription=\"slide\" aria-label=\"11 von 13\"><a data-elementor-open-lightbox=\"yes\" data-elementor-lightbox-slideshow=\"88d127d\" data-elementor-lightbox-title=\"Dart_3\" data-e-action-hash=\"#elementor-action%3Aaction%3Dlightbox%26settings%3DeyJpZCI6MTYsInVybCI6Imh0dHBzOlwvXC93d3cuaW5uc2JydWNrLWJpbGxhcmQuYXRcL3dwLWNvbnRlbnRcL3VwbG9hZHNcLzIwMThcLzA1XC9EYXJ0XzMuanBlZyIsInNsaWRlc2hvdyI6Ijg4ZDEyN2QifQ%3D%3D\" href=\"https:\/\/www.innsbruck-billard.at\/wp-content\/uploads\/2018\/05\/Dart_3.jpeg\"><figure class=\"swiper-slide-inner\"><img decoding=\"async\" class=\"swiper-slide-image\" src=\"https:\/\/www.innsbruck-billard.at\/wp-content\/uploads\/2018\/05\/Dart_3-150x150.jpeg\" alt=\"Dart_3\" \/><\/figure><\/a><\/div><div class=\"swiper-slide\" role=\"group\" aria-roledescription=\"slide\" aria-label=\"12 von 13\"><a data-elementor-open-lightbox=\"yes\" data-elementor-lightbox-slideshow=\"88d127d\" data-elementor-lightbox-title=\"Bilalrd_1\" data-e-action-hash=\"#elementor-action%3Aaction%3Dlightbox%26settings%3DeyJpZCI6MjAsInVybCI6Imh0dHBzOlwvXC93d3cuaW5uc2JydWNrLWJpbGxhcmQuYXRcL3dwLWNvbnRlbnRcL3VwbG9hZHNcLzIwMThcLzA1XC9CaWxhbHJkXzEuanBnIiwic2xpZGVzaG93IjoiODhkMTI3ZCJ9\" href=\"https:\/\/www.innsbruck-billard.at\/wp-content\/uploads\/2018\/05\/Bilalrd_1.jpg\"><figure class=\"swiper-slide-inner\"><img decoding=\"async\" class=\"swiper-slide-image\" src=\"https:\/\/www.innsbruck-billard.at\/wp-content\/uploads\/2018\/05\/Bilalrd_1-150x150.jpg\" alt=\"Bilalrd_1\" \/><\/figure><\/a><\/div><div class=\"swiper-slide\" role=\"group\" aria-roledescription=\"slide\" aria-label=\"13 von 13\"><a data-elementor-open-lightbox=\"yes\" data-elementor-lightbox-slideshow=\"88d127d\" data-elementor-lightbox-title=\"Bar_1\" data-e-action-hash=\"#elementor-action%3Aaction%3Dlightbox%26settings%3DeyJpZCI6MTMsInVybCI6Imh0dHBzOlwvXC93d3cuaW5uc2JydWNrLWJpbGxhcmQuYXRcL3dwLWNvbnRlbnRcL3VwbG9hZHNcLzIwMThcLzA1XC9CYXJfMS5qcGciLCJzbGlkZXNob3ciOiI4OGQxMjdkIn0%3D\" href=\"https:\/\/www.innsbruck-billard.at\/wp-content\/uploads\/2018\/05\/Bar_1.jpg\"><figure class=\"swiper-slide-inner\"><img decoding=\"async\" class=\"swiper-slide-image\" src=\"https:\/\/www.innsbruck-billard.at\/wp-content\/uploads\/2018\/05\/Bar_1-150x150.jpg\" alt=\"Bar_1\" \/><\/figure><\/a><\/div>\t\t\t<\/div>\n\t\t\t\t\t\t\t\t\t\t\t\t<div class=\"elementor-swiper-button elementor-swiper-button-prev\" role=\"button\" tabindex=\"0\">\n\t\t\t\t\t\t<i aria-hidden=\"true\" class=\"eicon-chevron-left\"><\/i>\t\t\t\t\t<\/div>\n\t\t\t\t\t<div class=\"elementor-swiper-button elementor-swiper-button-next\" role=\"button\" tabindex=\"0\">\n\t\t\t\t\t\t<i aria-hidden=\"true\" class=\"eicon-chevron-right\"><\/i>\t\t\t\t\t<\/div>\n\t\t\t\t\n\t\t\t\t\t\t\t\t\t<div class=\"swiper-pagination\"><\/div>\n\t\t\t\t\t\t\t\t\t<\/div>\n\t\t\t\t\t\t<\/div>\n\t\t\t\t<\/div>\n\t\t\t\t<div class=\"elementor-element elementor-element-6631f7ff elementor-widget elementor-widget-text-editor\" data-id=\"6631f7ff\" data-element_type=\"widget\" data-e-type=\"widget\" data-widget_type=\"text-editor.default\">\n\t\t\t\t<div class=\"elementor-widget-container\">\n\t\t\t\t\t\t\t\t\tWir sind ein Billard Lokal in Innsbruck. Bei unseren Angeboten wird auf oberste Qualit\u00e4t geachtet, und die Werkzeuge werden gut gepflegt.\r\nAus diesem Grund werden alle Tische jedes Jahr neu bezogen, dies garantiert maximalen Spielspa\u00df.\r\nAuch an der Bar werden keine Kompromisse gemacht.\r\nDie Getr\u00e4nke sind kalt, der Kaffee ist heiss!\r\nUnd auch die Snacks werden selbst zubereitet und ansprechend serviert.\r\n\u00dcberzeugen Sie sich selbst und genie\u00dfen Sie einen gem\u00fctlichen Nachmittag oder Abend bei einem herrvorragendem Cappuccino.\r\nWir freuen uns auf Sie!\t\t\t\t\t\t\t\t<\/div>\n\t\t\t\t<\/div>\n\t\t\t\t\t<\/div>\n\t\t<\/div>\n\t\t\t\t\t<\/div>\n\t\t<\/section>\n\t\t\t\t<\/div>\n\t\t","protected":false},"excerpt":{"rendered":"<p>Wir sind ein Billard Lokal in Innsbruck. Bei unseren Angeboten wird auf oberste Qualit\u00e4t geachtet, und die Werkzeuge werden gut gepflegt. Aus diesem Grund werden alle Tische jedes Jahr neu bezogen, dies garantiert maximalen Spielspa\u00df. Auch an der Bar werden keine Kompromisse gemacht. Die Getr\u00e4nke sind kalt, der Kaffee ist heiss! Und auch die Snacks [&hellip;]<\/p>\n","protected":false},"author":1,"featured_media":63,"parent":0,"menu_order":0,"comment_status":"closed","ping_status":"closed","template":"","meta":{"footnotes":""},"class_list":["post-36","page","type-page","status-publish","has-post-thumbnail","hentry"],"_links":{"self":[{"href":"https:\/\/www.innsbruck-billard.at\/index.php?rest_route=\/wp\/v2\/pages\/36","targetHints":{"allow":["GET"]}}],"collection":[{"href":"https:\/\/www.innsbruck-billard.at\/index.php?rest_route=\/wp\/v2\/pages"}],"about":[{"href":"https:\/\/www.innsbruck-billard.at\/index.php?rest_route=\/wp\/v2\/types\/page"}],"author":[{"embeddable":true,"href":"https:\/\/www.innsbruck-billard.at\/index.php?rest_route=\/wp\/v2\/users\/1"}],"replies":[{"embeddable":true,"href":"https:\/\/www.innsbruck-billard.at\/index.php?rest_route=%2Fwp%2Fv2%2Fcomments&post=36"}],"version-history":[{"count":5,"href":"https:\/\/www.innsbruck-billard.at\/index.php?rest_route=\/wp\/v2\/pages\/36\/revisions"}],"predecessor-version":[{"id":97,"href":"https:\/\/www.innsbruck-billard.at\/index.php?rest_route=\/wp\/v2\/pages\/36\/revisions\/97"}],"wp:featuredmedia":[{"embeddable":true,"href":"https:\/\/www.innsbruck-billard.at\/index.php?rest_route=\/wp\/v2\/media\/63"}],"wp:attachment":[{"href":"https:\/\/www.innsbruck-billard.at\/index.php?rest_route=%2Fwp%2Fv2%2Fmedia&parent=36"}],"curies":[{"name":"wp","href":"https:\/\/api.w.org\/{rel}","templated":true}]}}