{"id":28,"date":"2018-05-29T15:49:51","date_gmt":"2018-05-29T13:49:51","guid":{"rendered":"https:\/\/www.innsbruck-billard.at\/?page_id=28"},"modified":"2018-09-25T08:01:26","modified_gmt":"2018-09-25T06:01:26","slug":"bar-im-pool-shooters","status":"publish","type":"page","link":"https:\/\/www.innsbruck-billard.at\/?page_id=28","title":{"rendered":"Bar im Pool SHooters"},"content":{"rendered":"\t\t<div data-elementor-type=\"wp-post\" data-elementor-id=\"28\" class=\"elementor elementor-28 elementor-bc-flex-widget\">\n\t\t\t\t\t\t<section class=\"elementor-section elementor-top-section elementor-element elementor-element-18e86043 elementor-section-boxed elementor-section-height-default elementor-section-height-default\" data-id=\"18e86043\" data-element_type=\"section\" data-e-type=\"section\">\n\t\t\t\t\t\t<div class=\"elementor-container elementor-column-gap-default\">\n\t\t\t\t\t<div class=\"elementor-column elementor-col-100 elementor-top-column elementor-element elementor-element-1bb019ba\" data-id=\"1bb019ba\" data-element_type=\"column\" data-e-type=\"column\">\n\t\t\t<div class=\"elementor-widget-wrap elementor-element-populated\">\n\t\t\t\t\t\t<div class=\"elementor-element elementor-element-7c5375e elementor-arrows-position-inside elementor-pagination-position-outside elementor-widget elementor-widget-image-carousel\" data-id=\"7c5375e\" data-element_type=\"widget\" data-e-type=\"widget\" data-settings=\"{&quot;slides_to_show&quot;:&quot;2&quot;,&quot;navigation&quot;:&quot;both&quot;,&quot;autoplay&quot;:&quot;yes&quot;,&quot;pause_on_hover&quot;:&quot;yes&quot;,&quot;pause_on_interaction&quot;:&quot;yes&quot;,&quot;autoplay_speed&quot;:5000,&quot;infinite&quot;:&quot;yes&quot;,&quot;speed&quot;:500}\" data-widget_type=\"image-carousel.default\">\n\t\t\t\t<div class=\"elementor-widget-container\">\n\t\t\t\t\t\t\t<div class=\"elementor-image-carousel-wrapper swiper\" role=\"region\" aria-roledescription=\"carousel\" aria-label=\"Bild Karussell\" dir=\"ltr\">\n\t\t\t<div class=\"elementor-image-carousel swiper-wrapper\" aria-live=\"off\">\n\t\t\t\t\t\t\t\t<div class=\"swiper-slide\" role=\"group\" aria-roledescription=\"slide\" aria-label=\"1 von 8\"><a data-elementor-open-lightbox=\"yes\" data-elementor-lightbox-slideshow=\"7c5375e\" data-elementor-lightbox-title=\"IMG_0984\" data-e-action-hash=\"#elementor-action%3Aaction%3Dlightbox%26settings%3DeyJpZCI6OTYsInVybCI6Imh0dHBzOlwvXC93d3cuaW5uc2JydWNrLWJpbGxhcmQuYXRcL3dwLWNvbnRlbnRcL3VwbG9hZHNcLzIwMThcLzA5XC9JTUdfMDk4NC5qcGciLCJzbGlkZXNob3ciOiI3YzUzNzVlIn0%3D\" href=\"https:\/\/www.innsbruck-billard.at\/wp-content\/uploads\/2018\/09\/IMG_0984.jpg\"><figure class=\"swiper-slide-inner\"><img decoding=\"async\" class=\"swiper-slide-image\" src=\"https:\/\/www.innsbruck-billard.at\/wp-content\/uploads\/2018\/09\/IMG_0984-300x225.jpg\" alt=\"IMG_0984\" \/><\/figure><\/a><\/div><div class=\"swiper-slide\" role=\"group\" aria-roledescription=\"slide\" aria-label=\"2 von 8\"><a data-elementor-open-lightbox=\"yes\" data-elementor-lightbox-slideshow=\"7c5375e\" data-elementor-lightbox-title=\"IMG_0974\" data-e-action-hash=\"#elementor-action%3Aaction%3Dlightbox%26settings%3DeyJpZCI6OTIsInVybCI6Imh0dHBzOlwvXC93d3cuaW5uc2JydWNrLWJpbGxhcmQuYXRcL3dwLWNvbnRlbnRcL3VwbG9hZHNcLzIwMThcLzA5XC9JTUdfMDk3NC5qcGciLCJzbGlkZXNob3ciOiI3YzUzNzVlIn0%3D\" href=\"https:\/\/www.innsbruck-billard.at\/wp-content\/uploads\/2018\/09\/IMG_0974.jpg\"><figure class=\"swiper-slide-inner\"><img decoding=\"async\" class=\"swiper-slide-image\" src=\"https:\/\/www.innsbruck-billard.at\/wp-content\/uploads\/2018\/09\/IMG_0974-300x225.jpg\" alt=\"IMG_0974\" \/><\/figure><\/a><\/div><div class=\"swiper-slide\" role=\"group\" aria-roledescription=\"slide\" aria-label=\"3 von 8\"><a data-elementor-open-lightbox=\"yes\" data-elementor-lightbox-slideshow=\"7c5375e\" data-elementor-lightbox-title=\"Dart_3\" data-e-action-hash=\"#elementor-action%3Aaction%3Dlightbox%26settings%3DeyJpZCI6MTYsInVybCI6Imh0dHBzOlwvXC93d3cuaW5uc2JydWNrLWJpbGxhcmQuYXRcL3dwLWNvbnRlbnRcL3VwbG9hZHNcLzIwMThcLzA1XC9EYXJ0XzMuanBlZyIsInNsaWRlc2hvdyI6IjdjNTM3NWUifQ%3D%3D\" href=\"https:\/\/www.innsbruck-billard.at\/wp-content\/uploads\/2018\/05\/Dart_3.jpeg\"><figure class=\"swiper-slide-inner\"><img decoding=\"async\" class=\"swiper-slide-image\" src=\"https:\/\/www.innsbruck-billard.at\/wp-content\/uploads\/2018\/05\/Dart_3-300x225.jpeg\" alt=\"Dart_3\" \/><\/figure><\/a><\/div><div class=\"swiper-slide\" role=\"group\" aria-roledescription=\"slide\" aria-label=\"4 von 8\"><a data-elementor-open-lightbox=\"yes\" data-elementor-lightbox-slideshow=\"7c5375e\" data-elementor-lightbox-title=\"IMG_0978\" data-e-action-hash=\"#elementor-action%3Aaction%3Dlightbox%26settings%3DeyJpZCI6OTQsInVybCI6Imh0dHBzOlwvXC93d3cuaW5uc2JydWNrLWJpbGxhcmQuYXRcL3dwLWNvbnRlbnRcL3VwbG9hZHNcLzIwMThcLzA5XC9JTUdfMDk3OC5qcGciLCJzbGlkZXNob3ciOiI3YzUzNzVlIn0%3D\" href=\"https:\/\/www.innsbruck-billard.at\/wp-content\/uploads\/2018\/09\/IMG_0978.jpg\"><figure class=\"swiper-slide-inner\"><img decoding=\"async\" class=\"swiper-slide-image\" src=\"https:\/\/www.innsbruck-billard.at\/wp-content\/uploads\/2018\/09\/IMG_0978-300x225.jpg\" alt=\"IMG_0978\" \/><\/figure><\/a><\/div><div class=\"swiper-slide\" role=\"group\" aria-roledescription=\"slide\" aria-label=\"5 von 8\"><a data-elementor-open-lightbox=\"yes\" data-elementor-lightbox-slideshow=\"7c5375e\" data-elementor-lightbox-title=\"Bar_2\" data-e-action-hash=\"#elementor-action%3Aaction%3Dlightbox%26settings%3DeyJpZCI6MTcsInVybCI6Imh0dHBzOlwvXC93d3cuaW5uc2JydWNrLWJpbGxhcmQuYXRcL3dwLWNvbnRlbnRcL3VwbG9hZHNcLzIwMThcLzA1XC9CYXJfMi5qcGciLCJzbGlkZXNob3ciOiI3YzUzNzVlIn0%3D\" href=\"https:\/\/www.innsbruck-billard.at\/wp-content\/uploads\/2018\/05\/Bar_2.jpg\"><figure class=\"swiper-slide-inner\"><img decoding=\"async\" class=\"swiper-slide-image\" src=\"https:\/\/www.innsbruck-billard.at\/wp-content\/uploads\/2018\/05\/Bar_2-300x225.jpg\" alt=\"Bar_2\" \/><\/figure><\/a><\/div><div class=\"swiper-slide\" role=\"group\" aria-roledescription=\"slide\" aria-label=\"6 von 8\"><a data-elementor-open-lightbox=\"yes\" data-elementor-lightbox-slideshow=\"7c5375e\" data-elementor-lightbox-title=\"IMG_0976\" data-e-action-hash=\"#elementor-action%3Aaction%3Dlightbox%26settings%3DeyJpZCI6OTMsInVybCI6Imh0dHBzOlwvXC93d3cuaW5uc2JydWNrLWJpbGxhcmQuYXRcL3dwLWNvbnRlbnRcL3VwbG9hZHNcLzIwMThcLzA5XC9JTUdfMDk3Ni5qcGciLCJzbGlkZXNob3ciOiI3YzUzNzVlIn0%3D\" href=\"https:\/\/www.innsbruck-billard.at\/wp-content\/uploads\/2018\/09\/IMG_0976.jpg\"><figure class=\"swiper-slide-inner\"><img decoding=\"async\" class=\"swiper-slide-image\" src=\"https:\/\/www.innsbruck-billard.at\/wp-content\/uploads\/2018\/09\/IMG_0976-300x225.jpg\" alt=\"IMG_0976\" \/><\/figure><\/a><\/div><div class=\"swiper-slide\" role=\"group\" aria-roledescription=\"slide\" aria-label=\"7 von 8\"><a data-elementor-open-lightbox=\"yes\" data-elementor-lightbox-slideshow=\"7c5375e\" data-elementor-lightbox-title=\"Dart_2\" data-e-action-hash=\"#elementor-action%3Aaction%3Dlightbox%26settings%3DeyJpZCI6MTUsInVybCI6Imh0dHBzOlwvXC93d3cuaW5uc2JydWNrLWJpbGxhcmQuYXRcL3dwLWNvbnRlbnRcL3VwbG9hZHNcLzIwMThcLzA1XC9EYXJ0XzIuanBnIiwic2xpZGVzaG93IjoiN2M1Mzc1ZSJ9\" href=\"https:\/\/www.innsbruck-billard.at\/wp-content\/uploads\/2018\/05\/Dart_2.jpg\"><figure class=\"swiper-slide-inner\"><img decoding=\"async\" class=\"swiper-slide-image\" src=\"https:\/\/www.innsbruck-billard.at\/wp-content\/uploads\/2018\/05\/Dart_2-300x225.jpg\" alt=\"Dart_2\" \/><\/figure><\/a><\/div><div class=\"swiper-slide\" role=\"group\" aria-roledescription=\"slide\" aria-label=\"8 von 8\"><a data-elementor-open-lightbox=\"yes\" data-elementor-lightbox-slideshow=\"7c5375e\" data-elementor-lightbox-title=\"Bar_1\" data-e-action-hash=\"#elementor-action%3Aaction%3Dlightbox%26settings%3DeyJpZCI6MTMsInVybCI6Imh0dHBzOlwvXC93d3cuaW5uc2JydWNrLWJpbGxhcmQuYXRcL3dwLWNvbnRlbnRcL3VwbG9hZHNcLzIwMThcLzA1XC9CYXJfMS5qcGciLCJzbGlkZXNob3ciOiI3YzUzNzVlIn0%3D\" href=\"https:\/\/www.innsbruck-billard.at\/wp-content\/uploads\/2018\/05\/Bar_1.jpg\"><figure class=\"swiper-slide-inner\"><img decoding=\"async\" class=\"swiper-slide-image\" src=\"https:\/\/www.innsbruck-billard.at\/wp-content\/uploads\/2018\/05\/Bar_1-300x225.jpg\" alt=\"Bar_1\" \/><\/figure><\/a><\/div>\t\t\t<\/div>\n\t\t\t\t\t\t\t\t\t\t\t\t<div class=\"elementor-swiper-button elementor-swiper-button-prev\" role=\"button\" tabindex=\"0\">\n\t\t\t\t\t\t<i aria-hidden=\"true\" class=\"eicon-chevron-left\"><\/i>\t\t\t\t\t<\/div>\n\t\t\t\t\t<div class=\"elementor-swiper-button elementor-swiper-button-next\" role=\"button\" tabindex=\"0\">\n\t\t\t\t\t\t<i aria-hidden=\"true\" class=\"eicon-chevron-right\"><\/i>\t\t\t\t\t<\/div>\n\t\t\t\t\n\t\t\t\t\t\t\t\t\t<div class=\"swiper-pagination\"><\/div>\n\t\t\t\t\t\t\t\t\t<\/div>\n\t\t\t\t\t\t<\/div>\n\t\t\t\t<\/div>\n\t\t\t\t<div class=\"elementor-element elementor-element-57de07aa elementor-widget elementor-widget-text-editor\" data-id=\"57de07aa\" data-element_type=\"widget\" data-e-type=\"widget\" data-widget_type=\"text-editor.default\">\n\t\t\t\t<div class=\"elementor-widget-container\">\n\t\t\t\t\t\t\t\t\t<p>Im Pool SHooters in Innsbruck befindet sich eine gut sortierte Bar. Wir bieten Ihnen alles vom herrlichen Cappuccino, kaltem Bier, leckeren Limonaden bis hin zum selbst gemachten Bananenshake.<\/p><p>Selbst wenn Ihnen der Magen knurrt sind Sie im Pool SHooters perfekt umsorgt. Unsere leckeren Snacks werden Sie begeistern.<\/p><p>Auch unsere aktivsten Besucher finden bei uns mit 6 Dart-Automaten eine ausgezeichnete Abwechslung.<\/p><p>Die gem\u00fctliche Bareinrichtung tr\u00e4gt zum Wohlbefinden bei und schafft bereits in den sp\u00e4teren Mittagsstunden einen Ort an dem man sich entspannen kann.<br \/>Somit ist die Top-Location in Innsbruck perfekt abgerundet, und bietet ein weit ausgebreitetes Angebot f\u00fcr Jung und Alt.<br \/>Lassen Sie sich von unserer freundlichen Bewirtung verzaubern und kommen Sie schon bald in das Pool SHooters in Innsbruck<\/p>\t\t\t\t\t\t\t\t<\/div>\n\t\t\t\t<\/div>\n\t\t\t\t\t<\/div>\n\t\t<\/div>\n\t\t\t\t\t<\/div>\n\t\t<\/section>\n\t\t\t\t<\/div>\n\t\t","protected":false},"excerpt":{"rendered":"<p>Im Pool SHooters in Innsbruck befindet sich eine gut sortierte Bar. Wir bieten Ihnen alles vom herrlichen Cappuccino, kaltem Bier, leckeren Limonaden bis hin zum selbst gemachten Bananenshake. Selbst wenn Ihnen der Magen knurrt sind Sie im Pool SHooters perfekt umsorgt. Unsere leckeren Snacks werden Sie begeistern. Auch unsere aktivsten Besucher finden bei uns mit [&hellip;]<\/p>\n","protected":false},"author":1,"featured_media":0,"parent":0,"menu_order":0,"comment_status":"closed","ping_status":"closed","template":"","meta":{"footnotes":""},"class_list":["post-28","page","type-page","status-publish","hentry"],"_links":{"self":[{"href":"https:\/\/www.innsbruck-billard.at\/index.php?rest_route=\/wp\/v2\/pages\/28","targetHints":{"allow":["GET"]}}],"collection":[{"href":"https:\/\/www.innsbruck-billard.at\/index.php?rest_route=\/wp\/v2\/pages"}],"about":[{"href":"https:\/\/www.innsbruck-billard.at\/index.php?rest_route=\/wp\/v2\/types\/page"}],"author":[{"embeddable":true,"href":"https:\/\/www.innsbruck-billard.at\/index.php?rest_route=\/wp\/v2\/users\/1"}],"replies":[{"embeddable":true,"href":"https:\/\/www.innsbruck-billard.at\/index.php?rest_route=%2Fwp%2Fv2%2Fcomments&post=28"}],"version-history":[{"count":12,"href":"https:\/\/www.innsbruck-billard.at\/index.php?rest_route=\/wp\/v2\/pages\/28\/revisions"}],"predecessor-version":[{"id":100,"href":"https:\/\/www.innsbruck-billard.at\/index.php?rest_route=\/wp\/v2\/pages\/28\/revisions\/100"}],"wp:attachment":[{"href":"https:\/\/www.innsbruck-billard.at\/index.php?rest_route=%2Fwp%2Fv2%2Fmedia&parent=28"}],"curies":[{"name":"wp","href":"https:\/\/api.w.org\/{rel}","templated":true}]}}